{"id":30544,"date":"2022-10-15T10:48:56","date_gmt":"2022-10-15T10:48:56","guid":{"rendered":"https:\/\/the7.io\/elementor-shop\/?post_type=product&#038;p=30544"},"modified":"2024-10-15T05:32:38","modified_gmt":"2024-10-15T05:32:38","slug":"figura-flor-de-la-vida-21","status":"publish","type":"product","link":"https:\/\/miranlaya.art\/index.php\/product\/figura-flor-de-la-vida-21\/","title":{"rendered":"Figura Flor de la Vida en Madera"},"content":{"rendered":"\t\t<div data-elementor-type=\"wp-post\" data-elementor-id=\"30544\" class=\"elementor elementor-30544\">\n\t\t\t\t\t\t<section class=\"elementor-section elementor-top-section elementor-element elementor-element-cbb6099 elementor-section-boxed elementor-section-height-default elementor-section-height-default\" data-id=\"cbb6099\" data-element_type=\"section\">\n\t\t\t\t\t\t<div class=\"elementor-container elementor-column-gap-wide\">\n\t\t\t\t\t<div class=\"elementor-column elementor-col-50 elementor-top-column elementor-element elementor-element-6a8dff0\" data-id=\"6a8dff0\" data-element_type=\"column\">\n\t\t\t<div class=\"elementor-widget-wrap elementor-element-populated\">\n\t\t\t\t\t\t<div class=\"elementor-element elementor-element-49ef77a elementor-widget elementor-widget-text-editor\" data-id=\"49ef77a\" data-element_type=\"widget\" data-widget_type=\"text-editor.default\">\n\t\t\t\t<div class=\"elementor-widget-container\">\n\t\t\t\t\t\t\t<p>Duis pharetra pharetra elit in vulputate. Donec in libero convallis. Sed vulputate varius enim nec suscipit. Phasellus viverra justo vel egestas ullamcorper nibh enim suscipit dui. Maecenas mattis ipsum sed ex lobortis ultricies. Nullam maximus pharetra aliquam lorem ipsum dolor. Duis pharetra pharetra elit in vulputate. Donec in libero convallis.<\/p>\t\t\t\t\t\t<\/div>\n\t\t\t\t<\/div>\n\t\t\t\t<div class=\"elementor-element elementor-element-d3970ae elementor-widget elementor-widget-spacer\" data-id=\"d3970ae\" data-element_type=\"widget\" data-widget_type=\"spacer.default\">\n\t\t\t\t<div class=\"elementor-widget-container\">\n\t\t\t\t\t<div class=\"elementor-spacer\">\n\t\t\t<div class=\"elementor-spacer-inner\"><\/div>\n\t\t<\/div>\n\t\t\t\t<\/div>\n\t\t\t\t<\/div>\n\t\t\t\t<div class=\"elementor-element elementor-element-fb9d535 elementor-icon-list--layout-traditional elementor-list-item-link-full_width elementor-widget elementor-widget-icon-list\" data-id=\"fb9d535\" data-element_type=\"widget\" data-widget_type=\"icon-list.default\">\n\t\t\t\t<div class=\"elementor-widget-container\">\n\t\t\t\t\t<ul class=\"elementor-icon-list-items\">\n\t\t\t\t\t\t\t<li class=\"elementor-icon-list-item\">\n\t\t\t\t\t\t\t\t\t\t\t<span class=\"elementor-icon-list-icon\">\n\t\t\t\t\t\t\t<svg aria-hidden=\"true\" class=\"e-font-icon-svg e-fas-circle\" viewBox=\"0 0 512 512\" xmlns=\"http:\/\/www.w3.org\/2000\/svg\"><path d=\"M256 8C119 8 8 119 8 256s111 248 248 248 248-111 248-248S393 8 256 8z\"><\/path><\/svg>\t\t\t\t\t\t<\/span>\n\t\t\t\t\t\t\t\t\t\t<span class=\"elementor-icon-list-text\">Composition: 100% birch wood<\/span>\n\t\t\t\t\t\t\t\t\t<\/li>\n\t\t\t\t\t\t\t\t<li class=\"elementor-icon-list-item\">\n\t\t\t\t\t\t\t\t\t\t\t<span class=\"elementor-icon-list-icon\">\n\t\t\t\t\t\t\t<svg aria-hidden=\"true\" class=\"e-font-icon-svg e-fas-circle\" viewBox=\"0 0 512 512\" xmlns=\"http:\/\/www.w3.org\/2000\/svg\"><path d=\"M256 8C119 8 8 119 8 256s111 248 248 248 248-111 248-248S393 8 256 8z\"><\/path><\/svg>\t\t\t\t\t\t<\/span>\n\t\t\t\t\t\t\t\t\t\t<span class=\"elementor-icon-list-text\">Timeless silhouette<\/span>\n\t\t\t\t\t\t\t\t\t<\/li>\n\t\t\t\t\t\t\t\t<li class=\"elementor-icon-list-item\">\n\t\t\t\t\t\t\t\t\t\t\t<span class=\"elementor-icon-list-icon\">\n\t\t\t\t\t\t\t<svg aria-hidden=\"true\" class=\"e-font-icon-svg e-fas-circle\" viewBox=\"0 0 512 512\" xmlns=\"http:\/\/www.w3.org\/2000\/svg\"><path d=\"M256 8C119 8 8 119 8 256s111 248 248 248 248-111 248-248S393 8 256 8z\"><\/path><\/svg>\t\t\t\t\t\t<\/span>\n\t\t\t\t\t\t\t\t\t\t<span class=\"elementor-icon-list-text\">Made in Italy<\/span>\n\t\t\t\t\t\t\t\t\t<\/li>\n\t\t\t\t\t\t\t\t<li class=\"elementor-icon-list-item\">\n\t\t\t\t\t\t\t\t\t\t\t<span class=\"elementor-icon-list-icon\">\n\t\t\t\t\t\t\t<svg aria-hidden=\"true\" class=\"e-font-icon-svg e-fas-circle\" viewBox=\"0 0 512 512\" xmlns=\"http:\/\/www.w3.org\/2000\/svg\"><path d=\"M256 8C119 8 8 119 8 256s111 248 248 248 248-111 248-248S393 8 256 8z\"><\/path><\/svg>\t\t\t\t\t\t<\/span>\n\t\t\t\t\t\t\t\t\t\t<span class=\"elementor-icon-list-text\">1 year warranty <\/span>\n\t\t\t\t\t\t\t\t\t<\/li>\n\t\t\t\t\t\t<\/ul>\n\t\t\t\t<\/div>\n\t\t\t\t<\/div>\n\t\t\t\t\t<\/div>\n\t\t<\/div>\n\t\t\t\t<div class=\"elementor-column elementor-col-50 elementor-top-column elementor-element elementor-element-314ba19\" data-id=\"314ba19\" data-element_type=\"column\">\n\t\t\t<div class=\"elementor-widget-wrap elementor-element-populated\">\n\t\t\t\t\t\t<div class=\"elementor-element elementor-element-79f7bc2 elementor-widget elementor-widget-image\" data-id=\"79f7bc2\" data-element_type=\"widget\" data-widget_type=\"image.default\">\n\t\t\t\t<div class=\"elementor-widget-container\">\n\t\t\t\t\t\t\t\t\t\t\t\t\t<img decoding=\"async\" src=\"http:\/\/miranlaya.art\/wp-content\/uploads\/2021\/01\/q010992.jpg\" title=\"\" alt=\"\" loading=\"lazy\" \/>\t\t\t\t\t\t\t\t\t\t\t\t\t<\/div>\n\t\t\t\t<\/div>\n\t\t\t\t\t<\/div>\n\t\t<\/div>\n\t\t\t\t\t<\/div>\n\t\t<\/section>\n\t\t\t\t<\/div>\n\t\t","protected":false},"excerpt":{"rendered":"<p>Explora nuestra colecci\u00f3n de decoraci\u00f3n en madera con la m\u00edstica Flor de la Vida. Encuentra piezas \u00fanicas, decora tus espacios con buena vibra y armon\u00eda.<\/p>\n","protected":false},"featured_media":47927,"comment_status":"open","ping_status":"closed","template":"","meta":{"om_disable_all_campaigns":false},"product_cat":[265,137],"product_tag":[220],"class_list":{"0":"post-30544","1":"product","2":"type-product","3":"status-publish","4":"has-post-thumbnail","6":"product_cat-cuadros-decor","7":"product_cat-decoracion","8":"product_tag-product-template-02","9":"pa_color-variado","10":"pa_material-madera","11":"pa_tematica-espiritualidad","12":"pa_tematica-geometria-sagrada","14":"first","15":"instock","16":"sale","17":"shipping-taxable","18":"purchasable","19":"product-type-simple"},"aioseo_notices":[],"jetpack_sharing_enabled":true,"_links":{"self":[{"href":"https:\/\/miranlaya.art\/index.php\/wp-json\/wp\/v2\/product\/30544","targetHints":{"allow":["GET"]}}],"collection":[{"href":"https:\/\/miranlaya.art\/index.php\/wp-json\/wp\/v2\/product"}],"about":[{"href":"https:\/\/miranlaya.art\/index.php\/wp-json\/wp\/v2\/types\/product"}],"replies":[{"embeddable":true,"href":"https:\/\/miranlaya.art\/index.php\/wp-json\/wp\/v2\/comments?post=30544"}],"version-history":[{"count":3,"href":"https:\/\/miranlaya.art\/index.php\/wp-json\/wp\/v2\/product\/30544\/revisions"}],"predecessor-version":[{"id":47928,"href":"https:\/\/miranlaya.art\/index.php\/wp-json\/wp\/v2\/product\/30544\/revisions\/47928"}],"wp:featuredmedia":[{"embeddable":true,"href":"https:\/\/miranlaya.art\/index.php\/wp-json\/wp\/v2\/media\/47927"}],"wp:attachment":[{"href":"https:\/\/miranlaya.art\/index.php\/wp-json\/wp\/v2\/media?parent=30544"}],"wp:term":[{"taxonomy":"product_cat","embeddable":true,"href":"https:\/\/miranlaya.art\/index.php\/wp-json\/wp\/v2\/product_cat?post=30544"},{"taxonomy":"product_tag","embeddable":true,"href":"https:\/\/miranlaya.art\/index.php\/wp-json\/wp\/v2\/product_tag?post=30544"}],"curies":[{"name":"wp","href":"https:\/\/api.w.org\/{rel}","templated":true}]}}